{"id":1122,"date":"2022-02-03T09:52:30","date_gmt":"2022-02-03T09:52:30","guid":{"rendered":"https:\/\/www.cutqueretaro.com\/cutquere\/courses\/"},"modified":"2024-03-11T23:34:18","modified_gmt":"2024-03-12T05:34:18","slug":"maestrias","status":"publish","type":"page","link":"https:\/\/www.cutqueretaro.com\/cutquere\/maestrias\/","title":{"rendered":"Maestr\u00edas"},"content":{"rendered":"\t\t<div data-elementor-type=\"wp-page\" data-elementor-id=\"1122\" class=\"elementor elementor-1122\">\n\t\t\t\t\t\t<section class=\"elementor-section elementor-top-section elementor-element elementor-element-3cecbf5 elementor-section-full_width elementor-section-height-default elementor-section-height-default\" data-id=\"3cecbf5\" data-element_type=\"section\" data-e-type=\"section\" data-settings=\"{&quot;background_background&quot;:&quot;classic&quot;}\">\n\t\t\t\t\t\t<div class=\"elementor-container elementor-column-gap-default\">\n\t\t\t\t\t<div class=\"elementor-column elementor-col-100 elementor-top-column elementor-element elementor-element-abf8d03\" data-id=\"abf8d03\" data-element_type=\"column\" data-e-type=\"column\">\n\t\t\t<div class=\"elementor-widget-wrap elementor-element-populated\">\n\t\t\t\t\t\t<section class=\"elementor-section elementor-inner-section elementor-element elementor-element-faa4fed elementor-section-boxed elementor-section-height-default elementor-section-height-default\" data-id=\"faa4fed\" data-element_type=\"section\" data-e-type=\"section\">\n\t\t\t\t\t\t<div class=\"elementor-container elementor-column-gap-default\">\n\t\t\t\t\t<div class=\"elementor-column elementor-col-100 elementor-inner-column elementor-element elementor-element-0ae2c8b\" data-id=\"0ae2c8b\" data-element_type=\"column\" data-e-type=\"column\">\n\t\t\t<div class=\"elementor-widget-wrap elementor-element-populated\">\n\t\t\t\t\t\t<div class=\"elementor-element elementor-element-87b050e elementor-widget elementor-widget-text-editor\" data-id=\"87b050e\" data-element_type=\"widget\" data-e-type=\"widget\" data-widget_type=\"text-editor.default\">\n\t\t\t\t<div class=\"elementor-widget-container\">\n\t\t\t\t\t\t\t\t\t<p>Explora nuestros programas actuales<\/p>\t\t\t\t\t\t\t\t<\/div>\n\t\t\t\t<\/div>\n\t\t\t\t<div class=\"elementor-element elementor-element-da0070a elementor-widget elementor-widget-heading\" data-id=\"da0070a\" data-element_type=\"widget\" data-e-type=\"widget\" data-widget_type=\"heading.default\">\n\t\t\t\t<div class=\"elementor-widget-container\">\n\t\t\t\t\t<h1 class=\"elementor-heading-title elementor-size-default\">Maestr\u00eda<\/h1>\t\t\t\t<\/div>\n\t\t\t\t<\/div>\n\t\t\t\t\t<\/div>\n\t\t<\/div>\n\t\t\t\t\t<\/div>\n\t\t<\/section>\n\t\t\t\t\t<\/div>\n\t\t<\/div>\n\t\t\t\t\t<\/div>\n\t\t<\/section>\n\t\t\t\t<section class=\"elementor-section elementor-top-section elementor-element elementor-element-018e321 elementor-section-boxed elementor-section-height-default elementor-section-height-default\" data-id=\"018e321\" data-element_type=\"section\" data-e-type=\"section\">\n\t\t\t\t\t\t<div class=\"elementor-container elementor-column-gap-default\">\n\t\t\t\t\t<div class=\"elementor-column elementor-col-100 elementor-top-column elementor-element elementor-element-996d8e1\" data-id=\"996d8e1\" data-element_type=\"column\" data-e-type=\"column\">\n\t\t\t<div class=\"elementor-widget-wrap elementor-element-populated\">\n\t\t\t\t\t\t<div class=\"elementor-element elementor-element-e838e2e elementor-widget elementor-widget-heading\" data-id=\"e838e2e\" data-element_type=\"widget\" data-e-type=\"widget\" data-widget_type=\"heading.default\">\n\t\t\t\t<div class=\"elementor-widget-container\">\n\t\t\t\t\t<h3 class=\"elementor-heading-title elementor-size-default\">Buscar cursos por \u00e1rea de estudio<\/h3>\t\t\t\t<\/div>\n\t\t\t\t<\/div>\n\t\t\t\t<div class=\"elementor-element elementor-element-7152ea0 elementor-widget elementor-widget-text-editor\" data-id=\"7152ea0\" data-element_type=\"widget\" data-e-type=\"widget\" data-widget_type=\"text-editor.default\">\n\t\t\t\t<div class=\"elementor-widget-container\">\n\t\t\t\t\t\t\t\t\t<p>Cualquiera que sea su objetivo para su futuro, tenemos el programa perfecto para llevarlo all\u00ed.<\/p>\t\t\t\t\t\t\t\t<\/div>\n\t\t\t\t<\/div>\n\t\t\t\t<section class=\"elementor-section elementor-inner-section elementor-element elementor-element-687367e elementor-section-boxed elementor-section-height-default elementor-section-height-default\" data-id=\"687367e\" data-element_type=\"section\" data-e-type=\"section\">\n\t\t\t\t\t\t<div class=\"elementor-container elementor-column-gap-default\">\n\t\t\t\t\t<div class=\"elementor-column elementor-col-33 elementor-inner-column elementor-element elementor-element-29a9aa6\" data-id=\"29a9aa6\" data-element_type=\"column\" data-e-type=\"column\">\n\t\t\t<div class=\"elementor-widget-wrap elementor-element-populated\">\n\t\t\t\t\t\t<div class=\"elementor-element elementor-element-838bc98 elementor-widget elementor-widget-meafe-team\" data-id=\"838bc98\" data-element_type=\"widget\" data-e-type=\"widget\" data-widget_type=\"meafe-team.default\">\n\t\t\t\t<div class=\"elementor-widget-container\">\n\t\t\t\t\t        <div class=\"meafe-team-wrapper-main layout-3\">\n            <div class=\"meafe-team-inner-wrap\">\n                <div class=\"meafe-team-wrap\">\n\n                    <div class=\"meafe-team-wrap-inner\"><div class=\"meafe-team-flip-card-inner\">\n                                            <div class=\"meafe-team-fig\">\n                            <figure class=\"meafe-member-figure\">\n                                <img fetchpriority=\"high\" decoding=\"async\" width=\"370\" height=\"493\" src=\"https:\/\/www.cutqueretaro.com\/cutquere\/wp-content\/uploads\/2022\/02\/Rectangle-29-1-1.jpg\" class=\"attachment-full size-full wp-image-2169\" alt=\"\" srcset=\"https:\/\/www.cutqueretaro.com\/cutquere\/wp-content\/uploads\/2022\/02\/Rectangle-29-1-1.jpg 370w, https:\/\/www.cutqueretaro.com\/cutquere\/wp-content\/uploads\/2022\/02\/Rectangle-29-1-1-225x300.jpg 225w\" sizes=\"(max-width: 370px) 100vw, 370px\" \/>                            <\/figure>\n                        <\/div>\n                    \n                    <div class=\"meafe-member-body\">\n                        <h3 class=\"meafe-member-name\">Medicina<\/h3>\n                                                \n                        \n                         \n\n                                               \n                    <\/div>\n\n                    <\/div>\n                    \n                    <\/div>                <\/div>\n            <\/div>\n        <\/div>\n        \t\t\t\t<\/div>\n\t\t\t\t<\/div>\n\t\t\t\t\t<\/div>\n\t\t<\/div>\n\t\t\t\t<div class=\"elementor-column elementor-col-33 elementor-inner-column elementor-element elementor-element-258bf51\" data-id=\"258bf51\" data-element_type=\"column\" data-e-type=\"column\">\n\t\t\t<div class=\"elementor-widget-wrap elementor-element-populated\">\n\t\t\t\t\t\t<div class=\"elementor-element elementor-element-fffa12b elementor-widget elementor-widget-meafe-team\" data-id=\"fffa12b\" data-element_type=\"widget\" data-e-type=\"widget\" data-widget_type=\"meafe-team.default\">\n\t\t\t\t<div class=\"elementor-widget-container\">\n\t\t\t\t\t        <div class=\"meafe-team-wrapper-main layout-3\">\n            <div class=\"meafe-team-inner-wrap\">\n                <div class=\"meafe-team-wrap\">\n\n                    <div class=\"meafe-team-wrap-inner\"><div class=\"meafe-team-flip-card-inner\">\n                                            <div class=\"meafe-team-fig\">\n                            <figure class=\"meafe-member-figure\">\n                                <img decoding=\"async\" width=\"370\" height=\"493\" src=\"https:\/\/www.cutqueretaro.com\/cutquere\/wp-content\/uploads\/2022\/02\/Rectangle-30.jpg\" class=\"attachment-full size-full wp-image-181\" alt=\"\" srcset=\"https:\/\/www.cutqueretaro.com\/cutquere\/wp-content\/uploads\/2022\/02\/Rectangle-30.jpg 370w, https:\/\/www.cutqueretaro.com\/cutquere\/wp-content\/uploads\/2022\/02\/Rectangle-30-225x300.jpg 225w\" sizes=\"(max-width: 370px) 100vw, 370px\" \/>                            <\/figure>\n                        <\/div>\n                    \n                    <div class=\"meafe-member-body\">\n                        <h3 class=\"meafe-member-name\">Artes<\/h3>\n                                                \n                        \n                         \n\n                                               \n                    <\/div>\n\n                    <\/div>\n                    \n                    <\/div>                <\/div>\n            <\/div>\n        <\/div>\n        \t\t\t\t<\/div>\n\t\t\t\t<\/div>\n\t\t\t\t\t<\/div>\n\t\t<\/div>\n\t\t\t\t<div class=\"elementor-column elementor-col-33 elementor-inner-column elementor-element elementor-element-a2311cf\" data-id=\"a2311cf\" data-element_type=\"column\" data-e-type=\"column\">\n\t\t\t<div class=\"elementor-widget-wrap elementor-element-populated\">\n\t\t\t\t\t\t<div class=\"elementor-element elementor-element-a5ebcbf elementor-widget elementor-widget-meafe-team\" data-id=\"a5ebcbf\" data-element_type=\"widget\" data-e-type=\"widget\" data-widget_type=\"meafe-team.default\">\n\t\t\t\t<div class=\"elementor-widget-container\">\n\t\t\t\t\t        <div class=\"meafe-team-wrapper-main layout-3\">\n            <div class=\"meafe-team-inner-wrap\">\n                <div class=\"meafe-team-wrap\">\n\n                    <div class=\"meafe-team-wrap-inner\"><div class=\"meafe-team-flip-card-inner\">\n                                            <div class=\"meafe-team-fig\">\n                            <figure class=\"meafe-member-figure\">\n                                <img decoding=\"async\" width=\"370\" height=\"494\" src=\"https:\/\/www.cutqueretaro.com\/cutquere\/wp-content\/uploads\/2022\/02\/image-three.jpg\" class=\"attachment-full size-full wp-image-2170\" alt=\"\" srcset=\"https:\/\/www.cutqueretaro.com\/cutquere\/wp-content\/uploads\/2022\/02\/image-three.jpg 370w, https:\/\/www.cutqueretaro.com\/cutquere\/wp-content\/uploads\/2022\/02\/image-three-225x300.jpg 225w\" sizes=\"(max-width: 370px) 100vw, 370px\" \/>                            <\/figure>\n                        <\/div>\n                    \n                    <div class=\"meafe-member-body\">\n                        <h3 class=\"meafe-member-name\">Ciencia de la Computaci\u00f3n<\/h3>\n                                                \n                        \n                         \n\n                                               \n                    <\/div>\n\n                    <\/div>\n                    \n                    <\/div>                <\/div>\n            <\/div>\n        <\/div>\n        \t\t\t\t<\/div>\n\t\t\t\t<\/div>\n\t\t\t\t\t<\/div>\n\t\t<\/div>\n\t\t\t\t\t<\/div>\n\t\t<\/section>\n\t\t\t\t<section class=\"elementor-section elementor-inner-section elementor-element elementor-element-2211de3 elementor-section-boxed elementor-section-height-default elementor-section-height-default\" data-id=\"2211de3\" data-element_type=\"section\" data-e-type=\"section\">\n\t\t\t\t\t\t<div class=\"elementor-container elementor-column-gap-default\">\n\t\t\t\t\t<div class=\"elementor-column elementor-col-33 elementor-inner-column elementor-element elementor-element-92fc30b\" data-id=\"92fc30b\" data-element_type=\"column\" data-e-type=\"column\">\n\t\t\t<div class=\"elementor-widget-wrap elementor-element-populated\">\n\t\t\t\t\t\t<div class=\"elementor-element elementor-element-37b16d0 elementor-widget elementor-widget-meafe-team\" data-id=\"37b16d0\" data-element_type=\"widget\" data-e-type=\"widget\" data-widget_type=\"meafe-team.default\">\n\t\t\t\t<div class=\"elementor-widget-container\">\n\t\t\t\t\t        <div class=\"meafe-team-wrapper-main layout-3\">\n            <div class=\"meafe-team-inner-wrap\">\n                <div class=\"meafe-team-wrap\">\n\n                    <div class=\"meafe-team-wrap-inner\"><div class=\"meafe-team-flip-card-inner\">\n                                            <div class=\"meafe-team-fig\">\n                            <figure class=\"meafe-member-figure\">\n                                <img loading=\"lazy\" decoding=\"async\" width=\"370\" height=\"493\" src=\"https:\/\/www.cutqueretaro.com\/cutquere\/wp-content\/uploads\/2022\/02\/Rectangle-29-1.jpg\" class=\"attachment-full size-full wp-image-1657\" alt=\"\" srcset=\"https:\/\/www.cutqueretaro.com\/cutquere\/wp-content\/uploads\/2022\/02\/Rectangle-29-1.jpg 370w, https:\/\/www.cutqueretaro.com\/cutquere\/wp-content\/uploads\/2022\/02\/Rectangle-29-1-225x300.jpg 225w\" sizes=\"(max-width: 370px) 100vw, 370px\" \/>                            <\/figure>\n                        <\/div>\n                    \n                    <div class=\"meafe-member-body\">\n                        <h3 class=\"meafe-member-name\">Derecho<\/h3>\n                                                \n                        \n                         \n\n                                               \n                    <\/div>\n\n                    <\/div>\n                    \n                    <\/div>                <\/div>\n            <\/div>\n        <\/div>\n        \t\t\t\t<\/div>\n\t\t\t\t<\/div>\n\t\t\t\t\t<\/div>\n\t\t<\/div>\n\t\t\t\t<div class=\"elementor-column elementor-col-33 elementor-inner-column elementor-element elementor-element-cf0476d\" data-id=\"cf0476d\" data-element_type=\"column\" data-e-type=\"column\">\n\t\t\t<div class=\"elementor-widget-wrap elementor-element-populated\">\n\t\t\t\t\t\t<div class=\"elementor-element elementor-element-2f93e7a elementor-widget elementor-widget-meafe-team\" data-id=\"2f93e7a\" data-element_type=\"widget\" data-e-type=\"widget\" data-widget_type=\"meafe-team.default\">\n\t\t\t\t<div class=\"elementor-widget-container\">\n\t\t\t\t\t        <div class=\"meafe-team-wrapper-main layout-3\">\n            <div class=\"meafe-team-inner-wrap\">\n                <div class=\"meafe-team-wrap\">\n\n                    <div class=\"meafe-team-wrap-inner\"><div class=\"meafe-team-flip-card-inner\">\n                                            <div class=\"meafe-team-fig\">\n                            <figure class=\"meafe-member-figure\">\n                                <img loading=\"lazy\" decoding=\"async\" width=\"370\" height=\"493\" src=\"https:\/\/www.cutqueretaro.com\/cutquere\/wp-content\/uploads\/2022\/02\/Rectangle-30-1.jpg\" class=\"attachment-full size-full wp-image-1659\" alt=\"\" srcset=\"https:\/\/www.cutqueretaro.com\/cutquere\/wp-content\/uploads\/2022\/02\/Rectangle-30-1.jpg 370w, https:\/\/www.cutqueretaro.com\/cutquere\/wp-content\/uploads\/2022\/02\/Rectangle-30-1-225x300.jpg 225w\" sizes=\"(max-width: 370px) 100vw, 370px\" \/>                            <\/figure>\n                        <\/div>\n                    \n                    <div class=\"meafe-member-body\">\n                        <h3 class=\"meafe-member-name\">Ingieneria<\/h3>\n                                                \n                        \n                         \n\n                                               \n                    <\/div>\n\n                    <\/div>\n                    \n                    <\/div>                <\/div>\n            <\/div>\n        <\/div>\n        \t\t\t\t<\/div>\n\t\t\t\t<\/div>\n\t\t\t\t\t<\/div>\n\t\t<\/div>\n\t\t\t\t<div class=\"elementor-column elementor-col-33 elementor-inner-column elementor-element elementor-element-b6aeeaa\" data-id=\"b6aeeaa\" data-element_type=\"column\" data-e-type=\"column\">\n\t\t\t<div class=\"elementor-widget-wrap elementor-element-populated\">\n\t\t\t\t\t\t<div class=\"elementor-element elementor-element-08387b2 elementor-widget elementor-widget-meafe-team\" data-id=\"08387b2\" data-element_type=\"widget\" data-e-type=\"widget\" data-widget_type=\"meafe-team.default\">\n\t\t\t\t<div class=\"elementor-widget-container\">\n\t\t\t\t\t        <div class=\"meafe-team-wrapper-main layout-3\">\n            <div class=\"meafe-team-inner-wrap\">\n                <div class=\"meafe-team-wrap\">\n\n                    <div class=\"meafe-team-wrap-inner\"><div class=\"meafe-team-flip-card-inner\">\n                                            <div class=\"meafe-team-fig\">\n                            <figure class=\"meafe-member-figure\">\n                                <img loading=\"lazy\" decoding=\"async\" width=\"370\" height=\"494\" src=\"https:\/\/www.cutqueretaro.com\/cutquere\/wp-content\/uploads\/2022\/02\/Rectangle-31.jpg\" class=\"attachment-full size-full wp-image-1660\" alt=\"\" srcset=\"https:\/\/www.cutqueretaro.com\/cutquere\/wp-content\/uploads\/2022\/02\/Rectangle-31.jpg 370w, https:\/\/www.cutqueretaro.com\/cutquere\/wp-content\/uploads\/2022\/02\/Rectangle-31-225x300.jpg 225w\" sizes=\"(max-width: 370px) 100vw, 370px\" \/>                            <\/figure>\n                        <\/div>\n                    \n                    <div class=\"meafe-member-body\">\n                        <h3 class=\"meafe-member-name\">Administraci\u00f3n de empresas<\/h3>\n                                                \n                        \n                         \n\n                                               \n                    <\/div>\n\n                    <\/div>\n                    \n                    <\/div>                <\/div>\n            <\/div>\n        <\/div>\n        \t\t\t\t<\/div>\n\t\t\t\t<\/div>\n\t\t\t\t\t<\/div>\n\t\t<\/div>\n\t\t\t\t\t<\/div>\n\t\t<\/section>\n\t\t\t\t\t<\/div>\n\t\t<\/div>\n\t\t\t\t\t<\/div>\n\t\t<\/section>\n\t\t\t\t<section class=\"elementor-section elementor-top-section elementor-element elementor-element-158b7b7 elementor-section-boxed elementor-section-height-default elementor-section-height-default elementor-invisible\" data-id=\"158b7b7\" data-element_type=\"section\" data-e-type=\"section\" data-settings=\"{&quot;background_background&quot;:&quot;classic&quot;,&quot;animation&quot;:&quot;fadeIn&quot;}\">\n\t\t\t\t\t\t<div class=\"elementor-container elementor-column-gap-default\">\n\t\t\t\t\t<div class=\"elementor-column elementor-col-100 elementor-top-column elementor-element elementor-element-92dc40f\" data-id=\"92dc40f\" data-element_type=\"column\" data-e-type=\"column\">\n\t\t\t<div class=\"elementor-widget-wrap elementor-element-populated\">\n\t\t\t\t\t\t<section class=\"elementor-section elementor-inner-section elementor-element elementor-element-8c45281 elementor-section-content-middle elementor-section-boxed elementor-section-height-default elementor-section-height-default\" data-id=\"8c45281\" data-element_type=\"section\" data-e-type=\"section\">\n\t\t\t\t\t\t<div class=\"elementor-container elementor-column-gap-default\">\n\t\t\t\t\t<div class=\"elementor-column elementor-col-50 elementor-inner-column elementor-element elementor-element-b6eae15\" data-id=\"b6eae15\" data-element_type=\"column\" data-e-type=\"column\">\n\t\t\t<div class=\"elementor-widget-wrap elementor-element-populated\">\n\t\t\t\t\t\t<div class=\"elementor-element elementor-element-c280d1f elementor-widget elementor-widget-heading\" data-id=\"c280d1f\" data-element_type=\"widget\" data-e-type=\"widget\" data-widget_type=\"heading.default\">\n\t\t\t\t<div class=\"elementor-widget-container\">\n\t\t\t\t\t<h5 class=\"elementor-heading-title elementor-size-default\">\u00bfA\u00fan te preguntas por d\u00f3nde empezar?<\/h5>\t\t\t\t<\/div>\n\t\t\t\t<\/div>\n\t\t\t\t\t<\/div>\n\t\t<\/div>\n\t\t\t\t<div class=\"elementor-column elementor-col-50 elementor-inner-column elementor-element elementor-element-17e1bac\" data-id=\"17e1bac\" data-element_type=\"column\" data-e-type=\"column\">\n\t\t\t<div class=\"elementor-widget-wrap elementor-element-populated\">\n\t\t\t\t\t\t<div class=\"elementor-element elementor-element-25e12ba elementor-widget__width-auto elementor-widget elementor-widget-button\" data-id=\"25e12ba\" data-element_type=\"widget\" data-e-type=\"widget\" data-widget_type=\"button.default\">\n\t\t\t\t<div class=\"elementor-widget-container\">\n\t\t\t\t\t\t\t\t\t<div class=\"elementor-button-wrapper\">\n\t\t\t\t\t<a class=\"elementor-button elementor-button-link elementor-size-sm\" href=\"https:\/\/www.cutqueretaro.com\/cutquere\/contacto\/\">\n\t\t\t\t\t\t<span class=\"elementor-button-content-wrapper\">\n\t\t\t\t\t\t\t\t\t<span class=\"elementor-button-text\">Preguntar<\/span>\n\t\t\t\t\t<\/span>\n\t\t\t\t\t<\/a>\n\t\t\t\t<\/div>\n\t\t\t\t\t\t\t\t<\/div>\n\t\t\t\t<\/div>\n\t\t\t\t\t<\/div>\n\t\t<\/div>\n\t\t\t\t\t<\/div>\n\t\t<\/section>\n\t\t\t\t\t<\/div>\n\t\t<\/div>\n\t\t\t\t\t<\/div>\n\t\t<\/section>\n\t\t\t\t<\/div>\n\t\t","protected":false},"excerpt":{"rendered":"<p>Explora nuestros programas actuales Maestr\u00eda Buscar cursos por \u00e1rea de estudio Cualquiera que sea su objetivo para su futuro, tenemos el programa perfecto para llevarlo all\u00ed. Medicina Artes Ciencia de [&hellip;]<\/p>\n","protected":false},"author":1,"featured_media":0,"parent":0,"menu_order":0,"comment_status":"closed","ping_status":"closed","template":"","meta":{"footnotes":""},"class_list":["post-1122","page","type-page","status-publish","hentry","rishi-post","no-post-thumbnail"],"rishi__cb_customizer_meta":{"page_title_panel":"","page_title_hero_section":"default","breadcrumbs_single_page":"no","single_page_alignment":"left","single_page_margin":{"desktop":50,"tablet":30,"mobile":30},"56e97c71f0ddc5d939007a38ba37fced":"","page_structure_type":"default","188f5f1e2d8bee6b025f939dd966e80a":"","content_style_source":"inherit","content_style":"box-layout","blog_page_streched_ed":"no","vertical_spacing_source":"custom","content_area_spacing":"none","single_page_content_background":{"background_type":"color","background_pattern":"type-1","background_image":{"attachment_id":null,"x":0,"y":0},"gradient":"linear-gradient(135deg,rgba(6,147,227,1) 0%,rgb(155,81,224) 100%)","background_repeat":"no-repeat","background_size":"auto","background_attachment":"scroll","patternColor":{"default":{"color":"#e5e7ea"}},"overlayColor":{"default":{"color":"CT_CSS_SKIP_RULE"}},"backgroundColor":{"default":{"color":"var(--paletteColor5)"}}},"single_page_content_boxed_shadow":{"inherit":false,"blur":18,"spread":-6,"v_offset":12,"h_offset":0,"inset":false,"enable":false,"color":{"color":"rgba(34, 56, 101, 0.04)"}},"single_page_boxed_content_spacing":{"top":"40px","bottom":"40px","left":"40px","right":"40px","linked":true},"single_page_content_boxed_radius":{"top":"3px","bottom":"3px","left":"3px","right":"3px","linked":true},"f9c77f9c2940142bd29d265b427b6741":"","disable_featured_image":"no","disable_comments":"no","disable_header":"no","disable_footer":"no"},"_links":{"self":[{"href":"https:\/\/www.cutqueretaro.com\/cutquere\/wp-json\/wp\/v2\/pages\/1122","targetHints":{"allow":["GET"]}}],"collection":[{"href":"https:\/\/www.cutqueretaro.com\/cutquere\/wp-json\/wp\/v2\/pages"}],"about":[{"href":"https:\/\/www.cutqueretaro.com\/cutquere\/wp-json\/wp\/v2\/types\/page"}],"author":[{"embeddable":true,"href":"https:\/\/www.cutqueretaro.com\/cutquere\/wp-json\/wp\/v2\/users\/1"}],"replies":[{"embeddable":true,"href":"https:\/\/www.cutqueretaro.com\/cutquere\/wp-json\/wp\/v2\/comments?post=1122"}],"version-history":[{"count":17,"href":"https:\/\/www.cutqueretaro.com\/cutquere\/wp-json\/wp\/v2\/pages\/1122\/revisions"}],"predecessor-version":[{"id":2582,"href":"https:\/\/www.cutqueretaro.com\/cutquere\/wp-json\/wp\/v2\/pages\/1122\/revisions\/2582"}],"wp:attachment":[{"href":"https:\/\/www.cutqueretaro.com\/cutquere\/wp-json\/wp\/v2\/media?parent=1122"}],"curies":[{"name":"wp","href":"https:\/\/api.w.org\/{rel}","templated":true}]}}